{"id":211,"date":"2022-03-21T15:18:08","date_gmt":"2022-03-21T14:18:08","guid":{"rendered":"https:\/\/fitt-training.com\/?page_id=211"},"modified":"2023-11-13T08:10:32","modified_gmt":"2023-11-13T07:10:32","slug":"impressum","status":"publish","type":"page","link":"https:\/\/fitt-training.com\/en\/impressum\/","title":{"rendered":"Impressum"},"content":{"rendered":"<div data-elementor-type=\"wp-page\" data-elementor-id=\"211\" class=\"elementor elementor-211\" data-elementor-post-type=\"page\">\n\t\t\t\t\t\t<section class=\"elementor-section elementor-top-section elementor-element elementor-element-4163fa78 elementor-section-boxed elementor-section-height-default elementor-section-height-default\" data-id=\"4163fa78\" data-element_type=\"section\" data-e-type=\"section\">\n\t\t\t\t\t\t<div class=\"elementor-container elementor-column-gap-default\">\n\t\t\t\t\t<div class=\"elementor-column elementor-col-100 elementor-top-column elementor-element elementor-element-171a6766\" data-id=\"171a6766\" data-element_type=\"column\" data-e-type=\"column\" data-settings=\"{&quot;background_background&quot;:&quot;classic&quot;}\">\n\t\t\t<div class=\"elementor-widget-wrap elementor-element-populated\">\n\t\t\t\t\t<div class=\"elementor-background-overlay\"><\/div>\n\t\t\t\t\t\t<div class=\"elementor-element elementor-element-41813d74 elementor-widget elementor-widget-heading\" data-id=\"41813d74\" data-element_type=\"widget\" data-e-type=\"widget\" data-widget_type=\"heading.default\">\n\t\t\t\t<div class=\"elementor-widget-container\">\n\t\t\t\t\t<h2 class=\"elementor-heading-title elementor-size-default\">Impressum<\/h2>\t\t\t\t<\/div>\n\t\t\t\t<\/div>\n\t\t\t\t<div class=\"elementor-element elementor-element-5cfb931c elementor-icon-list--layout-inline elementor-align-center elementor-list-item-link-full_width elementor-widget elementor-widget-icon-list\" data-id=\"5cfb931c\" data-element_type=\"widget\" data-e-type=\"widget\" data-widget_type=\"icon-list.default\">\n\t\t\t\t<div class=\"elementor-widget-container\">\n\t\t\t\t\t\t\t<ul class=\"elementor-icon-list-items elementor-inline-items\">\n\t\t\t\t\t\t\t<li class=\"elementor-icon-list-item elementor-inline-item\">\n\t\t\t\t\t\t\t\t\t\t\t<a href=\"https:\/\/fitt-training.com\/en\">\n\n\t\t\t\t\t\t\t\t\t\t\t<span class=\"elementor-icon-list-text\">Home<\/span>\n\t\t\t\t\t\t\t\t\t\t\t<\/a>\n\t\t\t\t\t\t\t\t\t<\/li>\n\t\t\t\t\t\t\t\t<li class=\"elementor-icon-list-item elementor-inline-item\">\n\t\t\t\t\t\t\t\t\t\t\t<a href=\"https:\/\/fitt-training.com\/en\/impressum\/\">\n\n\t\t\t\t\t\t\t\t\t\t\t\t<span class=\"elementor-icon-list-icon\">\n\t\t\t\t\t\t\t<i aria-hidden=\"true\" class=\"fas fa-chevron-right\"><\/i>\t\t\t\t\t\t<\/span>\n\t\t\t\t\t\t\t\t\t\t<span class=\"elementor-icon-list-text\">Impressum<\/span>\n\t\t\t\t\t\t\t\t\t\t\t<\/a>\n\t\t\t\t\t\t\t\t\t<\/li>\n\t\t\t\t\t\t<\/ul>\n\t\t\t\t\t\t<\/div>\n\t\t\t\t<\/div>\n\t\t\t\t\t<\/div>\n\t\t<\/div>\n\t\t\t\t\t<\/div>\n\t\t<\/section>\n\t\t\t\t<section class=\"elementor-section elementor-top-section elementor-element elementor-element-c5f0186 elementor-section-boxed elementor-section-height-default elementor-section-height-default\" data-id=\"c5f0186\" data-element_type=\"section\" data-e-type=\"section\">\n\t\t\t\t\t\t<div class=\"elementor-container elementor-column-gap-default\">\n\t\t\t\t\t<div class=\"elementor-column elementor-col-100 elementor-top-column elementor-element elementor-element-3830e65\" data-id=\"3830e65\" data-element_type=\"column\" data-e-type=\"column\">\n\t\t\t<div class=\"elementor-widget-wrap elementor-element-populated\">\n\t\t\t\t\t\t<div class=\"elementor-element elementor-element-cc61485 elementor-icon-list--layout-traditional elementor-list-item-link-full_width elementor-widget elementor-widget-icon-list\" data-id=\"cc61485\" data-element_type=\"widget\" data-e-type=\"widget\" data-widget_type=\"icon-list.default\">\n\t\t\t\t<div class=\"elementor-widget-container\">\n\t\t\t\t\t\t\t<ul class=\"elementor-icon-list-items\">\n\t\t\t\t\t\t\t<li class=\"elementor-icon-list-item\">\n\t\t\t\t\t\t\t\t\t\t\t<span class=\"elementor-icon-list-icon\">\n\t\t\t\t\t\t\t<i aria-hidden=\"true\" class=\"fas fa-check\"><\/i>\t\t\t\t\t\t<\/span>\n\t\t\t\t\t\t\t\t\t\t<span class=\"elementor-icon-list-text\">Business name: Lang\u00f3 Anik\u00f3 EV<\/span>\n\t\t\t\t\t\t\t\t\t<\/li>\n\t\t\t\t\t\t\t\t<li class=\"elementor-icon-list-item\">\n\t\t\t\t\t\t\t\t\t\t\t<span class=\"elementor-icon-list-icon\">\n\t\t\t\t\t\t\t<i aria-hidden=\"true\" class=\"fas fa-check\"><\/i>\t\t\t\t\t\t<\/span>\n\t\t\t\t\t\t\t\t\t\t<span class=\"elementor-icon-list-text\">Business address: 3015 Cs\u00e1ny, Arany J\u00e1nos \u00fat 9.<\/span>\n\t\t\t\t\t\t\t\t\t<\/li>\n\t\t\t\t\t\t\t\t<li class=\"elementor-icon-list-item\">\n\t\t\t\t\t\t\t\t\t\t\t<span class=\"elementor-icon-list-icon\">\n\t\t\t\t\t\t\t<i aria-hidden=\"true\" class=\"fas fa-check\"><\/i>\t\t\t\t\t\t<\/span>\n\t\t\t\t\t\t\t\t\t\t<span class=\"elementor-icon-list-text\">Tax no: 79469421-1-30<\/span>\n\t\t\t\t\t\t\t\t\t<\/li>\n\t\t\t\t\t\t\t\t<li class=\"elementor-icon-list-item\">\n\t\t\t\t\t\t\t\t\t\t\t<span class=\"elementor-icon-list-icon\">\n\t\t\t\t\t\t\t<i aria-hidden=\"true\" class=\"fas fa-check\"><\/i>\t\t\t\t\t\t<\/span>\n\t\t\t\t\t\t\t\t\t\t<span class=\"elementor-icon-list-text\">Phone: +36303457834<\/span>\n\t\t\t\t\t\t\t\t\t<\/li>\n\t\t\t\t\t\t\t\t<li class=\"elementor-icon-list-item\">\n\t\t\t\t\t\t\t\t\t\t\t<a href=\"https:\/\/onlinemuhely.hu\">\n\n\t\t\t\t\t\t\t\t\t\t\t\t<span class=\"elementor-icon-list-icon\">\n\t\t\t\t\t\t\t<i aria-hidden=\"true\" class=\"fas fa-check\"><\/i>\t\t\t\t\t\t<\/span>\n\t\t\t\t\t\t\t\t\t\t<span class=\"elementor-icon-list-text\">Website maintenance and hosting: OnlineMuhely Bt. (2310 Szigetszentmikl\u00f3s, Posta k\u00f6z 1B)<\/span>\n\t\t\t\t\t\t\t\t\t\t\t<\/a>\n\t\t\t\t\t\t\t\t\t<\/li>\n\t\t\t\t\t\t<\/ul>\n\t\t\t\t\t\t<\/div>\n\t\t\t\t<\/div>\n\t\t\t\t<div class=\"elementor-element elementor-element-c853edd elementor-widget elementor-widget-text-editor\" data-id=\"c853edd\" data-element_type=\"widget\" data-e-type=\"widget\" data-widget_type=\"text-editor.default\">\n\t\t\t\t<div class=\"elementor-widget-container\">\n\t\t\t\t\t\t\t\t\t<p>The entire content of the website is the intellectual property of Anik\u00f3 Lang\u00f3 and is protected by copyright! Copying, distributing and using the content of the website is prohibited!<\/p><p>\"Fitt Training\u00ae\" is a trademark of Anik\u00f3 Lang\u00f3. All rights reserved.<\/p>\t\t\t\t\t\t\t\t<\/div>\n\t\t\t\t<\/div>\n\t\t\t\t\t<\/div>\n\t\t<\/div>\n\t\t\t\t\t<\/div>\n\t\t<\/section>\n\t\t\t\t<\/div>","protected":false},"excerpt":{"rendered":"<p>Impresszum F\u0151oldal Impresszum C\u00e9gn\u00e9v: Lang\u00f3 Anik\u00f3 EV Sz\u00e9khely: 3015 Cs\u00e1ny, Arany J\u00e1nos \u00fat 9. Ad\u00f3sz\u00e1m: 79469421-1-30 Telefonsz\u00e1m: +36303457834 Weboldal \u00fczemeltet\u00e9s \u00e9s t\u00e1rhely szolg\u00e1ltat\u00e1s: OnlineM\u0171hely Bt. (2310 Szigetszentmikl\u00f3s, Posta k\u00f6z 1B) A honlap teljes tartalma Lang\u00f3 Anik\u00f3 szellemi tulajdona \u00e9s szerz\u0151i jogv\u00e9delem alatt \u00e1ll! A honlap tartalm\u00e1nak m\u00e1sol\u00e1sa, terjeszt\u00e9se \u00e9s felhaszn\u00e1l\u00e1sa tilos! A \u201eFitt Training\u00ae\u201d Lang\u00f3 [&hellip;]<\/p>\n","protected":false},"author":1,"featured_media":0,"parent":0,"menu_order":0,"comment_status":"closed","ping_status":"closed","template":"elementor_header_footer","meta":{"footnotes":""},"class_list":["post-211","page","type-page","status-publish","hentry"],"yoast_head":"<!-- This site is optimized with the Yoast SEO plugin v27.5 - https:\/\/yoast.com\/product\/yoast-seo-wordpress\/ -->\n<title>Impressum - fitt-training.com<\/title>\n<meta name=\"robots\" content=\"index, follow, max-snippet:-1, max-image-preview:large, max-video-preview:-1\" \/>\n<link rel=\"canonical\" href=\"https:\/\/fitt-training.com\/en\/impressum\/\" \/>\n<meta property=\"og:locale\" content=\"en_GB\" \/>\n<meta property=\"og:type\" content=\"article\" \/>\n<meta property=\"og:title\" content=\"Impressum - fitt-training.com\" \/>\n<meta property=\"og:description\" content=\"Impresszum F\u0151oldal Impresszum C\u00e9gn\u00e9v: Lang\u00f3 Anik\u00f3 EV Sz\u00e9khely: 3015 Cs\u00e1ny, Arany J\u00e1nos \u00fat 9. Ad\u00f3sz\u00e1m: 79469421-1-30 Telefonsz\u00e1m: +36303457834 Weboldal \u00fczemeltet\u00e9s \u00e9s t\u00e1rhely szolg\u00e1ltat\u00e1s: OnlineM\u0171hely Bt. (2310 Szigetszentmikl\u00f3s, Posta k\u00f6z 1B) A honlap teljes tartalma Lang\u00f3 Anik\u00f3 szellemi tulajdona \u00e9s szerz\u0151i jogv\u00e9delem alatt \u00e1ll! A honlap tartalm\u00e1nak m\u00e1sol\u00e1sa, terjeszt\u00e9se \u00e9s felhaszn\u00e1l\u00e1sa tilos! A \u201eFitt Training\u00ae\u201d Lang\u00f3 [&hellip;]\" \/>\n<meta property=\"og:url\" content=\"https:\/\/fitt-training.com\/en\/impressum\/\" \/>\n<meta property=\"og:site_name\" content=\"fitt-training.com\" \/>\n<meta property=\"article:modified_time\" content=\"2023-11-13T07:10:32+00:00\" \/>\n<meta name=\"twitter:card\" content=\"summary_large_image\" \/>\n<script type=\"application\/ld+json\" class=\"yoast-schema-graph\">{\"@context\":\"https:\\\/\\\/schema.org\",\"@graph\":[{\"@type\":\"WebPage\",\"@id\":\"https:\\\/\\\/fitt-training.com\\\/impressum\\\/\",\"url\":\"https:\\\/\\\/fitt-training.com\\\/impressum\\\/\",\"name\":\"Impressum - fitt-training.com\",\"isPartOf\":{\"@id\":\"https:\\\/\\\/fitt-training.com\\\/#website\"},\"datePublished\":\"2022-03-21T14:18:08+00:00\",\"dateModified\":\"2023-11-13T07:10:32+00:00\",\"breadcrumb\":{\"@id\":\"https:\\\/\\\/fitt-training.com\\\/impressum\\\/#breadcrumb\"},\"inLanguage\":\"en-GB\",\"potentialAction\":[{\"@type\":\"ReadAction\",\"target\":[\"https:\\\/\\\/fitt-training.com\\\/impressum\\\/\"]}]},{\"@type\":\"BreadcrumbList\",\"@id\":\"https:\\\/\\\/fitt-training.com\\\/impressum\\\/#breadcrumb\",\"itemListElement\":[{\"@type\":\"ListItem\",\"position\":1,\"name\":\"Kezd\u0151lap\",\"item\":\"https:\\\/\\\/fitt-training.com\\\/\"},{\"@type\":\"ListItem\",\"position\":2,\"name\":\"Impressum\"}]},{\"@type\":\"WebSite\",\"@id\":\"https:\\\/\\\/fitt-training.com\\\/#website\",\"url\":\"https:\\\/\\\/fitt-training.com\\\/\",\"name\":\"fitt-training.com\",\"description\":\"Egy\u00e9ni kond\u00edci\u00f3hoz, \u00e9lethelyzethez \u00e9s el\u0151zm\u00e9nybetegs\u00e9gekhez igaz\u00edtott, szem\u00e9lyes edz\u00e9sprogram\",\"publisher\":{\"@id\":\"https:\\\/\\\/fitt-training.com\\\/#\\\/schema\\\/person\\\/4bbc27a61c63b0548224b092cc65b1db\"},\"potentialAction\":[{\"@type\":\"SearchAction\",\"target\":{\"@type\":\"EntryPoint\",\"urlTemplate\":\"https:\\\/\\\/fitt-training.com\\\/?s={search_term_string}\"},\"query-input\":{\"@type\":\"PropertyValueSpecification\",\"valueRequired\":true,\"valueName\":\"search_term_string\"}}],\"inLanguage\":\"en-GB\"},{\"@type\":[\"Person\",\"Organization\"],\"@id\":\"https:\\\/\\\/fitt-training.com\\\/#\\\/schema\\\/person\\\/4bbc27a61c63b0548224b092cc65b1db\",\"name\":\"Lang\u00f3 Anik\u00f3\",\"image\":{\"@type\":\"ImageObject\",\"inLanguage\":\"en-GB\",\"@id\":\"https:\\\/\\\/fitt-training.com\\\/wp-content\\\/uploads\\\/2022\\\/03\\\/cropped-fitt-training-logo-mid-1.png\",\"url\":\"https:\\\/\\\/fitt-training.com\\\/wp-content\\\/uploads\\\/2022\\\/03\\\/cropped-fitt-training-logo-mid-1.png\",\"contentUrl\":\"https:\\\/\\\/fitt-training.com\\\/wp-content\\\/uploads\\\/2022\\\/03\\\/cropped-fitt-training-logo-mid-1.png\",\"width\":328,\"height\":215,\"caption\":\"Lang\u00f3 Anik\u00f3\"},\"logo\":{\"@id\":\"https:\\\/\\\/fitt-training.com\\\/wp-content\\\/uploads\\\/2022\\\/03\\\/cropped-fitt-training-logo-mid-1.png\"},\"description\":\"okleveles fitness-test\u00e9p\u00edt\u0151 szakedz\u0151 Ebben tudok seg\u00edteni neked: Folyamatos fejl\u0151d\u00e9st, eg\u00e9szs\u00e9ges \u00e9s eszt\u00e9tikus testet \u2013 ide\u00e1lis zs\u00edr-izomar\u00e1ny kialak\u00edt\u00e1s\u00e1t,- komplex k\u00e9pess\u00e9g-fejleszt\u00e9st, v\u00e1ltozatos, neh\u00e9z, de \u00f6r\u00f6mteli edz\u00e9seket, a mozg\u00e1s testi-lelki \u00e9s szellemi er\u0151v\u00e9 konvert\u00e1l\u00e1s\u00e1t.\"}]}<\/script>\n<!-- \/ Yoast SEO plugin. -->","yoast_head_json":{"title":"Impressum - fitt-training.com","robots":{"index":"index","follow":"follow","max-snippet":"max-snippet:-1","max-image-preview":"max-image-preview:large","max-video-preview":"max-video-preview:-1"},"canonical":"https:\/\/fitt-training.com\/en\/impressum\/","og_locale":"en_GB","og_type":"article","og_title":"Impressum - fitt-training.com","og_description":"Impresszum F\u0151oldal Impresszum C\u00e9gn\u00e9v: Lang\u00f3 Anik\u00f3 EV Sz\u00e9khely: 3015 Cs\u00e1ny, Arany J\u00e1nos \u00fat 9. Ad\u00f3sz\u00e1m: 79469421-1-30 Telefonsz\u00e1m: +36303457834 Weboldal \u00fczemeltet\u00e9s \u00e9s t\u00e1rhely szolg\u00e1ltat\u00e1s: OnlineM\u0171hely Bt. (2310 Szigetszentmikl\u00f3s, Posta k\u00f6z 1B) A honlap teljes tartalma Lang\u00f3 Anik\u00f3 szellemi tulajdona \u00e9s szerz\u0151i jogv\u00e9delem alatt \u00e1ll! A honlap tartalm\u00e1nak m\u00e1sol\u00e1sa, terjeszt\u00e9se \u00e9s felhaszn\u00e1l\u00e1sa tilos! A \u201eFitt Training\u00ae\u201d Lang\u00f3 [&hellip;]","og_url":"https:\/\/fitt-training.com\/en\/impressum\/","og_site_name":"fitt-training.com","article_modified_time":"2023-11-13T07:10:32+00:00","twitter_card":"summary_large_image","schema":{"@context":"https:\/\/schema.org","@graph":[{"@type":"WebPage","@id":"https:\/\/fitt-training.com\/impressum\/","url":"https:\/\/fitt-training.com\/impressum\/","name":"Impressum - fitt-training.com","isPartOf":{"@id":"https:\/\/fitt-training.com\/#website"},"datePublished":"2022-03-21T14:18:08+00:00","dateModified":"2023-11-13T07:10:32+00:00","breadcrumb":{"@id":"https:\/\/fitt-training.com\/impressum\/#breadcrumb"},"inLanguage":"en-GB","potentialAction":[{"@type":"ReadAction","target":["https:\/\/fitt-training.com\/impressum\/"]}]},{"@type":"BreadcrumbList","@id":"https:\/\/fitt-training.com\/impressum\/#breadcrumb","itemListElement":[{"@type":"ListItem","position":1,"name":"Kezd\u0151lap","item":"https:\/\/fitt-training.com\/"},{"@type":"ListItem","position":2,"name":"Impressum"}]},{"@type":"WebSite","@id":"https:\/\/fitt-training.com\/#website","url":"https:\/\/fitt-training.com\/","name":"fitt-training.com","description":"A training program adapted to individual fitness, life situations, and pre-existing conditions","publisher":{"@id":"https:\/\/fitt-training.com\/#\/schema\/person\/4bbc27a61c63b0548224b092cc65b1db"},"potentialAction":[{"@type":"SearchAction","target":{"@type":"EntryPoint","urlTemplate":"https:\/\/fitt-training.com\/?s={search_term_string}"},"query-input":{"@type":"PropertyValueSpecification","valueRequired":true,"valueName":"search_term_string"}}],"inLanguage":"en-GB"},{"@type":["Person","Organization"],"@id":"https:\/\/fitt-training.com\/#\/schema\/person\/4bbc27a61c63b0548224b092cc65b1db","name":"Anik\u00f3 Lang\u00f3","image":{"@type":"ImageObject","inLanguage":"en-GB","@id":"https:\/\/fitt-training.com\/wp-content\/uploads\/2022\/03\/cropped-fitt-training-logo-mid-1.png","url":"https:\/\/fitt-training.com\/wp-content\/uploads\/2022\/03\/cropped-fitt-training-logo-mid-1.png","contentUrl":"https:\/\/fitt-training.com\/wp-content\/uploads\/2022\/03\/cropped-fitt-training-logo-mid-1.png","width":328,"height":215,"caption":"Lang\u00f3 Anik\u00f3"},"logo":{"@id":"https:\/\/fitt-training.com\/wp-content\/uploads\/2022\/03\/cropped-fitt-training-logo-mid-1.png"},"description":"okleveles fitness-test\u00e9p\u00edt\u0151 szakedz\u0151 Ebben tudok seg\u00edteni neked: Folyamatos fejl\u0151d\u00e9st, eg\u00e9szs\u00e9ges \u00e9s eszt\u00e9tikus testet \u2013 ide\u00e1lis zs\u00edr-izomar\u00e1ny kialak\u00edt\u00e1s\u00e1t,- komplex k\u00e9pess\u00e9g-fejleszt\u00e9st, v\u00e1ltozatos, neh\u00e9z, de \u00f6r\u00f6mteli edz\u00e9seket, a mozg\u00e1s testi-lelki \u00e9s szellemi er\u0151v\u00e9 konvert\u00e1l\u00e1s\u00e1t."}]}},"_links":{"self":[{"href":"https:\/\/fitt-training.com\/en\/wp-json\/wp\/v2\/pages\/211","targetHints":{"allow":["GET"]}}],"collection":[{"href":"https:\/\/fitt-training.com\/en\/wp-json\/wp\/v2\/pages"}],"about":[{"href":"https:\/\/fitt-training.com\/en\/wp-json\/wp\/v2\/types\/page"}],"author":[{"embeddable":true,"href":"https:\/\/fitt-training.com\/en\/wp-json\/wp\/v2\/users\/1"}],"replies":[{"embeddable":true,"href":"https:\/\/fitt-training.com\/en\/wp-json\/wp\/v2\/comments?post=211"}],"version-history":[{"count":0,"href":"https:\/\/fitt-training.com\/en\/wp-json\/wp\/v2\/pages\/211\/revisions"}],"wp:attachment":[{"href":"https:\/\/fitt-training.com\/en\/wp-json\/wp\/v2\/media?parent=211"}],"curies":[{"name":"wp","href":"https:\/\/api.w.org\/{rel}","templated":true}]}}